{"id":5,"date":"2014-05-30T08:42:12","date_gmt":"2014-05-30T08:42:12","guid":{"rendered":"http:\/\/pixelgrade.com\/demos\/rosa2\/?page_id=5"},"modified":"2023-08-08T11:01:54","modified_gmt":"2023-08-08T11:01:54","slug":"frontpage","status":"publish","type":"page","link":"https:\/\/crazycat.fi\/fi\/","title":{"rendered":"Home Page"},"content":{"rendered":"<div class=\"pixcode  pixcode--grid  grid  \">\n\n<div class=\"grid__item six-twelfths palm-one-whole island\">\n\n<hgroup class=\"pixcode  pixcode--heading article__headline\">\n\t<h2 class=\"headline__secondary\"><span class=\"first-letter\">C<\/span>razy Cat&#039;s <\/h2>\n\t<h1 class=\"headline__primary\">P\u00c4IV\u00c4N LOUNAS<\/h1>\n<\/hgroup>\n<div class=\"pixcode  pixcode--separator  separator separator--flower separator_color--color\">&#10043;<\/div>\n\n<p style=\"text-align: center;\">Ruokalista p\u00e4ivitet\u00e4\u00e4n p\u00e4ivitt\u00e4in meid\u00e4n Facebook-sivuillamme<\/p>\n<hr class=\"pixcode  pixcode--separator  separator\"\/>\n\n<hgroup class=\"pixcode  pixcode--heading article__headline\">\n\t<h2 class=\"headline__secondary\"><\/h2>\n\t<h1 class=\"headline__primary\">Aukioloajat:<\/h1>\n<\/hgroup>\n<div class=\"pixcode  pixcode--separator  separator separator--flower separator_color--color\">&#10043;<\/div>\n\n<h5 style=\"text-align: center;\">Maanantai &#8211; Keskiviiko 15.00-21.00<\/h5>\n<h5 style=\"text-align: center;\">Torstai &#8211; Perjantai 11.00-21.00<\/h5>\n<h5 style=\"text-align: center;\">Lauantai-Sunnuntai 12.00-21.00<\/h5>\n\n<\/div>\n\n<div class=\"grid__item six-twelfths palm-one-whole \">\n\n<div class=\"cff-wrapper\"><div class=\"cff-wrapper-ctn \" ><div id=\"cff\"  class=\"cff cff-list-container  cff-default-styles  cff-mob-cols-1 cff-tab-cols-1\"    data-char=\"400\" ><div class=\"cff-posts-wrap\"><div id=\"cff_140751576016_1574457568020041\" class=\"cff-item cff-status-post author-crazy-cat\" >\n\t<div class=\"cff-author\">\n\t<div class=\"cff-author-text\">\n\t\t\t\t\t<div class=\"cff-page-name cff-author-date\" >\n\t\t\t\t<a href=\"https:\/\/facebook.com\/140751576016\" target=\"_blank\" rel=\"nofollow noopener\" >Crazy Cat<\/a>\n\t\t\t\t<span class=\"cff-story\"> <\/span>\n\t\t\t<\/div>\n\t\t\t\n<p class=\"cff-date\" > 13 hours ago <\/p>\t\t\t<\/div>\n\t<div class=\"cff-author-img \" data-avatar=\"https:\/\/scontent-arn2-1.xx.fbcdn.net\/v\/t39.30808-1\/236206655_10157786738961017_1143564539339450445_n.jpg?stp=cp0_dst-jpg_p50x50_tt6&#038;_nc_cat=103&#038;ccb=1-7&#038;_nc_sid=f907e8&#038;_nc_ohc=yZynb-wAlRUQ7kNvwE8Fzj9&#038;_nc_oc=Adp-dBf6mo0hZ86s7qcM4Cf63yXUIhbmyJzRhrouX-nGa6aLhJxJQMdvrEU1ZFuiROc&#038;_nc_zt=24&#038;_nc_ht=scontent-arn2-1.xx&#038;edm=AKIiGfEEAAAA&#038;_nc_gid=Y5mqIDn-y683WIZz7N4PlQ&#038;_nc_tpa=Q5bMBQGqGm5Eg3c9TUA86eweup2VuictpZU7Z5coIgpT1w00lFgX0Y7-y3BvL8t7D6N8z6AIgoNd8uunnA&#038;oh=00_Af5JGEi17hnVZyinoIe2Y_vDAaZWWkSFXidcO5P8jjjTqQ&#038;oe=6A093EEE\">\n\t\t<a href=\"https:\/\/facebook.com\/140751576016\" target=\"_blank\" rel=\"nofollow noopener\" ><img src=\"https:\/\/scontent-arn2-1.xx.fbcdn.net\/v\/t39.30808-1\/236206655_10157786738961017_1143564539339450445_n.jpg?stp=cp0_dst-jpg_p50x50_tt6&#038;_nc_cat=103&#038;ccb=1-7&#038;_nc_sid=f907e8&#038;_nc_ohc=yZynb-wAlRUQ7kNvwE8Fzj9&#038;_nc_oc=Adp-dBf6mo0hZ86s7qcM4Cf63yXUIhbmyJzRhrouX-nGa6aLhJxJQMdvrEU1ZFuiROc&#038;_nc_zt=24&#038;_nc_ht=scontent-arn2-1.xx&#038;edm=AKIiGfEEAAAA&#038;_nc_gid=Y5mqIDn-y683WIZz7N4PlQ&#038;_nc_tpa=Q5bMBQGqGm5Eg3c9TUA86eweup2VuictpZU7Z5coIgpT1w00lFgX0Y7-y3BvL8t7D6N8z6AIgoNd8uunnA&#038;oh=00_Af5JGEi17hnVZyinoIe2Y_vDAaZWWkSFXidcO5P8jjjTqQ&#038;oe=6A093EEE\" title=\"Crazy Cat\" alt=\"Crazy Cat\" width=40 height=40 onerror=\"this.style.display='none'\"><\/a>\n\t<\/div>\n<\/div>\n\n<div class=\"cff-post-text\" >\n\t<span class=\"cff-text\" data-color=\"\">\n\t\tTIS 12.5.26 TIIS<img class=\"cff-linebreak\" \/>AUKI 15-21 \u00d6PPET<img class=\"cff-linebreak\" \/>V\u00e4lkommen\/Tervetuloa<img class=\"cff-linebreak\" \/><a href=\"https:\/\/facebook.com\/1454344327943438\">Business Kristinestad<\/a>\t\t\t<\/span>\n\t<span class=\"cff-expand\">... <a href=\"#\" style=\"color: #\"><span class=\"cff-more\">See More<\/span><span class=\"cff-less\">See Less<\/span><\/a><\/span>\n\n<\/div>\n\n\t<div class=\"cff-post-links\">\n\t\t\t\t\t<a class=\"cff-viewpost-facebook\" href=\"https:\/\/www.facebook.com\/140751576016\/posts\/1574457568020041\" title=\"View on Facebook\" target=\"_blank\" rel=\"nofollow noopener\" >View on Facebook<\/a>\n\t\t\t\t\t\t\t<div class=\"cff-share-container\">\n\t\t\t\t\t\t\t\t\t<span class=\"cff-dot\" >&middot;<\/span>\n\t\t\t\t\t\t\t\t<a class=\"cff-share-link\" href=\"https:\/\/www.facebook.com\/sharer\/sharer.php?u=https%3A%2F%2Fwww.facebook.com%2F140751576016%2Fposts%2F1574457568020041\" title=\"Share\" >Share<\/a>\n\t\t\t\t<p class=\"cff-share-tooltip\">\n\t\t\t\t\t\t\t\t\t\t\t<a href=\"https:\/\/www.facebook.com\/sharer\/sharer.php?u=https%3A%2F%2Fwww.facebook.com%2F140751576016%2Fposts%2F1574457568020041\" target=\"_blank\" rel=\"noopener noreferrer\" class=\"cff-facebook-icon\">\n\t\t\t\t\t\t\t<span class=\"fa fab fa-facebook-square\" aria-hidden=\"true\"><\/span>\n\t\t\t\t\t\t\t<span class=\"cff-screenreader\">Share on Facebook<\/span>\n\t\t\t\t\t\t<\/a>\n\t\t\t\t\t\t\t\t\t\t\t<a href=\"https:\/\/twitter.com\/intent\/tweet?text=https%3A%2F%2Fwww.facebook.com%2F140751576016%2Fposts%2F1574457568020041\" target=\"_blank\" rel=\"noopener noreferrer\" class=\"cff-twitter-icon\">\n\t\t\t\t\t\t\t<span class=\"fa fab fa-twitter\" aria-hidden=\"true\"><\/span>\n\t\t\t\t\t\t\t<span class=\"cff-screenreader\">Share on Twitter<\/span>\n\t\t\t\t\t\t<\/a>\n\t\t\t\t\t\t\t\t\t\t\t<a href=\"https:\/\/www.linkedin.com\/shareArticle?mini=true&#038;url=https%3A%2F%2Fwww.facebook.com%2F140751576016%2Fposts%2F1574457568020041&#038;title=%09%09%09TIS%2012.5.26%20TIISAUKI%2015-21%20%C3%96PPETV%C3%A4lkommen%2FTervetuloaBusiness%20Kristinestad%09%09%09%09\" target=\"_blank\" rel=\"noopener noreferrer\" class=\"cff-linkedin-icon\">\n\t\t\t\t\t\t\t<span class=\"fa fab fa-linkedin\" aria-hidden=\"true\"><\/span>\n\t\t\t\t\t\t\t<span class=\"cff-screenreader\">Share on Linked In<\/span>\n\t\t\t\t\t\t<\/a>\n\t\t\t\t\t\t\t\t\t\t\t<a href=\"mailto:?subject=Facebook&#038;body=https%3A%2F%2Fwww.facebook.com%2F140751576016%2Fposts%2F1574457568020041%20-%20%0A%0A%09%0A%09%09TIS%2012.5.26%20TIISAUKI%2015-21%20%C3%96PPETV%C3%A4lkommen%2FTervetuloaBusiness%20Kristinestad%09%09%09%0A%09\" target=\"_blank\" rel=\"noopener noreferrer\" class=\"cff-email-icon\">\n\t\t\t\t\t\t\t<span class=\"fa fab fa-envelope\" aria-hidden=\"true\"><\/span>\n\t\t\t\t\t\t\t<span class=\"cff-screenreader\">Share by Email<\/span>\n\t\t\t\t\t\t<\/a>\n\t\t\t\t\t\t\t\t\t<\/p>\n\t\t\t<\/div>\n\t\t\t<\/div>\n\t<\/div>\n\n\n\n\n<div class=\"cff-likebox cff-bottom\" >\n\t\t<iframe src=\"\" class=\"fb_iframe_widget\" data-likebox-id=\"140751576016\" data-likebox-width=\"300\" data-likebox-header=\"\" data-hide-cover=\"\" data-hide-cta=\"\" data-likebox-faces=\"\" data-height=\"130\" data-locale=\"en_US\" scrolling=\"no\" allowTransparency=\"true\" allow=\"encrypted-media\" ><\/iframe>\n<\/div><\/div><input class=\"cff-pag-url\" type=\"hidden\" data-locatornonce=\"0b11a430a2\" data-cff-shortcode=\"\" data-post-id=\"5\" data-feed-id=\"140751576016\"><\/div><\/div><div class=\"cff-clear\"><\/div><\/div>\n\n<\/div>\n\n\n<\/div>\n\n","protected":false},"excerpt":{"rendered":"","protected":false},"author":1,"featured_media":582,"parent":0,"menu_order":0,"comment_status":"closed","ping_status":"closed","template":"","meta":[],"_links":{"self":[{"href":"https:\/\/crazycat.fi\/fi\/wp-json\/wp\/v2\/pages\/5"}],"collection":[{"href":"https:\/\/crazycat.fi\/fi\/wp-json\/wp\/v2\/pages"}],"about":[{"href":"https:\/\/crazycat.fi\/fi\/wp-json\/wp\/v2\/types\/page"}],"author":[{"embeddable":true,"href":"https:\/\/crazycat.fi\/fi\/wp-json\/wp\/v2\/users\/1"}],"replies":[{"embeddable":true,"href":"https:\/\/crazycat.fi\/fi\/wp-json\/wp\/v2\/comments?post=5"}],"version-history":[{"count":24,"href":"https:\/\/crazycat.fi\/fi\/wp-json\/wp\/v2\/pages\/5\/revisions"}],"predecessor-version":[{"id":860,"href":"https:\/\/crazycat.fi\/fi\/wp-json\/wp\/v2\/pages\/5\/revisions\/860"}],"wp:featuredmedia":[{"embeddable":true,"href":"https:\/\/crazycat.fi\/fi\/wp-json\/wp\/v2\/media\/582"}],"wp:attachment":[{"href":"https:\/\/crazycat.fi\/fi\/wp-json\/wp\/v2\/media?parent=5"}],"curies":[{"name":"wp","href":"https:\/\/api.w.org\/{rel}","templated":true}]}}